{"id":79,"date":"2026-04-14T11:24:31","date_gmt":"2026-04-14T11:24:31","guid":{"rendered":"https:\/\/corridaportucale.ovh\/?page_id=79"},"modified":"2026-04-14T11:24:47","modified_gmt":"2026-04-14T11:24:47","slug":"missao","status":"publish","type":"page","link":"http:\/\/corridaportucale.ovh\/index.php\/missao\/","title":{"rendered":"MISS\u00c3O"},"content":{"rendered":"\t\t<div data-elementor-type=\"wp-page\" data-elementor-id=\"79\" class=\"elementor elementor-79\">\n\t\t\t\t<div class=\"elementor-element elementor-element-1ed8062c e-flex e-con-boxed e-con e-parent\" data-id=\"1ed8062c\" data-element_type=\"container\" data-e-type=\"container\">\n\t\t\t\t\t<div class=\"e-con-inner\">\n\t\t\t\t<div class=\"elementor-element elementor-element-3ca59806 elementor-widget elementor-widget-text-editor\" data-id=\"3ca59806\" data-element_type=\"widget\" data-e-type=\"widget\" data-widget_type=\"text-editor.default\">\n\t\t\t\t\t\t\t\t\t\n<figure class=\"wp-block-image\"><img decoding=\"async\" src=\"https:\/\/andrerga.com\/testes\/corridaportucale\/wp-content\/uploads\/2015\/04\/img_miss%C3%A3o.png\" alt=\"\"\/><\/figure>\n\n\n\n<h3 class=\"wp-block-heading\"><\/h3>\n\n\n\n<p>Correr, saltar e lan\u00e7ar. Tr\u00eas atividades que s\u00e3o a ess\u00eancia do atletismo. A nossa raz\u00e3o de ser h\u00e1 45 anos.<\/p>\n\n\n\n<p>Foi por isso que cri\u00e1mos um clube, que associou o nosso desporto \u00e0 nossa cidade. Em 1974 nasceu o Centro de Atletismo do Porto. O primeiro clube de Portugal exclusivamente dedicado \u00e0quela que muitos definem como modalidade ol\u00edmpico n\u00famero um.<\/p>\n\n\n\n<p>Durante quatro d\u00e9cadas ajud\u00e1mos centenas de mi\u00fados a correr, a lan\u00e7ar e a saltar mais e melhor.<\/p>\n\n\n\n<p>Foi atrav\u00e9s do desporto que promovemos outros valores: os nossos jovens foram apoiados na integra\u00e7\u00e3o social, em aspetos relacionados com a sa\u00fade e estimulados a viver o associativismo. V\u00e1rios deles s\u00e3o nossos dirigentes na atualidade.<\/p>\n\n\n\n<p>\u00c9 isso que queremos continuar a fazer, e por esse motivo criamos em 2015 a Corrida Portucale, para viabilizar a sustentabilidade de uma escola de atletismo.<\/p>\n\n\n\n<p>Foi e \u00e9 esta a nossa causa.<\/p>\n\n\n\n<p>Alcan\u00e7ados os objetivos e que permitiram que a escola de atletismo \u2013 Escola de Atletismo Rosa Mota \u2013 seja j\u00e1 uma realidade, a edi\u00e7\u00e3o de 2019 mant\u00e9m os mesmos prop\u00f3sitos e visa dar continuidade ao nosso projeto.<\/p>\n\n\n\n<p>Contamos com todos.<\/p>\n\n\n\n<p>A Dire\u00e7\u00e3o do Centro de Atletismo do Porto<\/p>\n\t\t\t\t\t\t\t\t<\/div>\n\t\t\t\t\t<\/div>\n\t\t\t\t<\/div>\n\t\t\t\t<\/div>\n\t\t","protected":false},"excerpt":{"rendered":"<p>Correr, saltar e lan\u00e7ar. Tr\u00eas atividades que s\u00e3o a ess\u00eancia do atletismo. A nossa raz\u00e3o de ser h\u00e1 45 anos. [&hellip;]<\/p>\n","protected":false},"author":1,"featured_media":0,"parent":0,"menu_order":0,"comment_status":"closed","ping_status":"closed","template":"","meta":{"_eb_attr":"","site-sidebar-layout":"default","site-content-layout":"","ast-site-content-layout":"default","site-content-style":"default","site-sidebar-style":"default","ast-global-header-display":"","ast-banner-title-visibility":"","ast-main-header-display":"","ast-hfb-above-header-display":"","ast-hfb-below-header-display":"","ast-hfb-mobile-header-display":"","site-post-title":"","ast-breadcrumbs-content":"","ast-featured-img":"","footer-sml-layout":"","ast-disable-related-posts":"","theme-transparent-header-meta":"","adv-header-id-meta":"","stick-header-meta":"","header-above-stick-meta":"","header-main-stick-meta":"","header-below-stick-meta":"","astra-migrate-meta-layouts":"default","ast-page-background-enabled":"default","ast-page-background-meta":{"desktop":{"background-color":"var(--ast-global-color-5)","background-image":"","background-repeat":"repeat","background-position":"center center","background-size":"auto","background-attachment":"scroll","background-type":"","background-media":"","overlay-type":"","overlay-color":"","overlay-opacity":"","overlay-gradient":""},"tablet":{"background-color":"","background-image":"","background-repeat":"repeat","background-position":"center center","background-size":"auto","background-attachment":"scroll","background-type":"","background-media":"","overlay-type":"","overlay-color":"","overlay-opacity":"","overlay-gradient":""},"mobile":{"background-color":"","background-image":"","background-repeat":"repeat","background-position":"center center","background-size":"auto","background-attachment":"scroll","background-type":"","background-media":"","overlay-type":"","overlay-color":"","overlay-opacity":"","overlay-gradient":""}},"ast-content-background-meta":{"desktop":{"background-color":"var(--ast-global-color-4)","background-image":"","background-repeat":"repeat","background-position":"center center","background-size":"auto","background-attachment":"scroll","background-type":"","background-media":"","overlay-type":"","overlay-color":"","overlay-opacity":"","overlay-gradient":""},"tablet":{"background-color":"var(--ast-global-color-4)","background-image":"","background-repeat":"repeat","background-position":"center center","background-size":"auto","background-attachment":"scroll","background-type":"","background-media":"","overlay-type":"","overlay-color":"","overlay-opacity":"","overlay-gradient":""},"mobile":{"background-color":"var(--ast-global-color-4)","background-image":"","background-repeat":"repeat","background-position":"center center","background-size":"auto","background-attachment":"scroll","background-type":"","background-media":"","overlay-type":"","overlay-color":"","overlay-opacity":"","overlay-gradient":""}},"footnotes":""},"class_list":["post-79","page","type-page","status-publish","hentry"],"_links":{"self":[{"href":"http:\/\/corridaportucale.ovh\/index.php\/wp-json\/wp\/v2\/pages\/79","targetHints":{"allow":["GET"]}}],"collection":[{"href":"http:\/\/corridaportucale.ovh\/index.php\/wp-json\/wp\/v2\/pages"}],"about":[{"href":"http:\/\/corridaportucale.ovh\/index.php\/wp-json\/wp\/v2\/types\/page"}],"author":[{"embeddable":true,"href":"http:\/\/corridaportucale.ovh\/index.php\/wp-json\/wp\/v2\/users\/1"}],"replies":[{"embeddable":true,"href":"http:\/\/corridaportucale.ovh\/index.php\/wp-json\/wp\/v2\/comments?post=79"}],"version-history":[{"count":4,"href":"http:\/\/corridaportucale.ovh\/index.php\/wp-json\/wp\/v2\/pages\/79\/revisions"}],"predecessor-version":[{"id":84,"href":"http:\/\/corridaportucale.ovh\/index.php\/wp-json\/wp\/v2\/pages\/79\/revisions\/84"}],"wp:attachment":[{"href":"http:\/\/corridaportucale.ovh\/index.php\/wp-json\/wp\/v2\/media?parent=79"}],"curies":[{"name":"wp","href":"https:\/\/api.w.org\/{rel}","templated":true}]}}