{"id":65,"date":"2026-04-14T11:18:49","date_gmt":"2026-04-14T11:18:49","guid":{"rendered":"https:\/\/corridaportucale.ovh\/?page_id=65"},"modified":"2026-04-14T11:18:58","modified_gmt":"2026-04-14T11:18:58","slug":"portucale","status":"publish","type":"page","link":"http:\/\/corridaportucale.ovh\/index.php\/portucale\/","title":{"rendered":"PORTUCALE"},"content":{"rendered":"\t\t<div data-elementor-type=\"wp-page\" data-elementor-id=\"65\" class=\"elementor elementor-65\">\n\t\t\t\t<div class=\"elementor-element elementor-element-1cc17b3 e-flex e-con-boxed e-con e-parent\" data-id=\"1cc17b3\" data-element_type=\"container\" data-e-type=\"container\">\n\t\t\t\t\t<div class=\"e-con-inner\">\n\t\t\t\t<div class=\"elementor-element elementor-element-3ed8df81 elementor-widget elementor-widget-text-editor\" data-id=\"3ed8df81\" data-element_type=\"widget\" data-e-type=\"widget\" data-widget_type=\"text-editor.default\">\n\t\t\t\t\t\t\t\t\t\n<figure class=\"wp-block-image\"><img decoding=\"async\" src=\"https:\/\/andrerga.com\/testes\/corridaportucale\/wp-content\/uploads\/2015\/04\/img_portucale.png\" alt=\"\"\/><\/figure>\n\n\n\n<p>H\u00e1 lendas e factos que tentam explicar a origem do nome.<\/p>\n\n\n\n<p>Portugal, Porto, Gaia ou at\u00e9 Galiza s\u00e3o nomes que radicam em Cale.<\/p>\n\n\n\n<p>V\u00e1rias s\u00e3o as teorias relativas \u00e0 origem do nome, ao qual foi associado o Portus latino de significado entend\u00edvel pela presen\u00e7a do porto natural no rio Douro,<\/p>\n\n\n\n<p>No ano 74 ter\u00e1 sido tomado por Perpena, lugar-tenente de Sert\u00f3rio, chefe dos lusitanos.<\/p>\n\n\n\n<p>No dom\u00ednio romano, &nbsp;seria o primeiro povoado na grande circunscri\u00e7\u00e3o que o Douro separava da Lusit\u00e2nia, que da\u00ed tomou o nome para Callaecia, de que veio a resultar Galiza.<\/p>\n\n\n\n<p>A primeira refer\u00eancia documental a \u201cPortucale\u201d surge no s\u00e9culo V.<\/p>\n\n\n\n<p>Tamb\u00e9m dali tomou nome o Condado Portucalense, do qual veio a nascer Portugal.<\/p>\n\n\n\n<p>Facto \u00e9 que se trata da melhor forma de designar algo, mesmo no s\u00e9culo XXI, relacionado com duas cidades que se continuam a complementar.<\/p>\n\n\n\n<p>A Dire\u00e7\u00e3o do Centro de Atletismo do Porto<\/p>\n\t\t\t\t\t\t\t\t<\/div>\n\t\t\t\t\t<\/div>\n\t\t\t\t<\/div>\n\t\t\t\t<\/div>\n\t\t","protected":false},"excerpt":{"rendered":"<p>H\u00e1 lendas e factos que tentam explicar a origem do nome. Portugal, Porto, Gaia ou at\u00e9 Galiza s\u00e3o nomes que [&hellip;]<\/p>\n","protected":false},"author":1,"featured_media":0,"parent":0,"menu_order":0,"comment_status":"closed","ping_status":"closed","template":"","meta":{"_eb_attr":"","site-sidebar-layout":"default","site-content-layout":"","ast-site-content-layout":"default","site-content-style":"default","site-sidebar-style":"default","ast-global-header-display":"","ast-banner-title-visibility":"","ast-main-header-display":"","ast-hfb-above-header-display":"","ast-hfb-below-header-display":"","ast-hfb-mobile-header-display":"","site-post-title":"","ast-breadcrumbs-content":"","ast-featured-img":"","footer-sml-layout":"","ast-disable-related-posts":"","theme-transparent-header-meta":"","adv-header-id-meta":"","stick-header-meta":"","header-above-stick-meta":"","header-main-stick-meta":"","header-below-stick-meta":"","astra-migrate-meta-layouts":"default","ast-page-background-enabled":"default","ast-page-background-meta":{"desktop":{"background-color":"var(--ast-global-color-5)","background-image":"","background-repeat":"repeat","background-position":"center center","background-size":"auto","background-attachment":"scroll","background-type":"","background-media":"","overlay-type":"","overlay-color":"","overlay-opacity":"","overlay-gradient":""},"tablet":{"background-color":"","background-image":"","background-repeat":"repeat","background-position":"center center","background-size":"auto","background-attachment":"scroll","background-type":"","background-media":"","overlay-type":"","overlay-color":"","overlay-opacity":"","overlay-gradient":""},"mobile":{"background-color":"","background-image":"","background-repeat":"repeat","background-position":"center center","background-size":"auto","background-attachment":"scroll","background-type":"","background-media":"","overlay-type":"","overlay-color":"","overlay-opacity":"","overlay-gradient":""}},"ast-content-background-meta":{"desktop":{"background-color":"var(--ast-global-color-4)","background-image":"","background-repeat":"repeat","background-position":"center center","background-size":"auto","background-attachment":"scroll","background-type":"","background-media":"","overlay-type":"","overlay-color":"","overlay-opacity":"","overlay-gradient":""},"tablet":{"background-color":"var(--ast-global-color-4)","background-image":"","background-repeat":"repeat","background-position":"center center","background-size":"auto","background-attachment":"scroll","background-type":"","background-media":"","overlay-type":"","overlay-color":"","overlay-opacity":"","overlay-gradient":""},"mobile":{"background-color":"var(--ast-global-color-4)","background-image":"","background-repeat":"repeat","background-position":"center center","background-size":"auto","background-attachment":"scroll","background-type":"","background-media":"","overlay-type":"","overlay-color":"","overlay-opacity":"","overlay-gradient":""}},"footnotes":""},"class_list":["post-65","page","type-page","status-publish","hentry"],"_links":{"self":[{"href":"http:\/\/corridaportucale.ovh\/index.php\/wp-json\/wp\/v2\/pages\/65","targetHints":{"allow":["GET"]}}],"collection":[{"href":"http:\/\/corridaportucale.ovh\/index.php\/wp-json\/wp\/v2\/pages"}],"about":[{"href":"http:\/\/corridaportucale.ovh\/index.php\/wp-json\/wp\/v2\/types\/page"}],"author":[{"embeddable":true,"href":"http:\/\/corridaportucale.ovh\/index.php\/wp-json\/wp\/v2\/users\/1"}],"replies":[{"embeddable":true,"href":"http:\/\/corridaportucale.ovh\/index.php\/wp-json\/wp\/v2\/comments?post=65"}],"version-history":[{"count":4,"href":"http:\/\/corridaportucale.ovh\/index.php\/wp-json\/wp\/v2\/pages\/65\/revisions"}],"predecessor-version":[{"id":70,"href":"http:\/\/corridaportucale.ovh\/index.php\/wp-json\/wp\/v2\/pages\/65\/revisions\/70"}],"wp:attachment":[{"href":"http:\/\/corridaportucale.ovh\/index.php\/wp-json\/wp\/v2\/media?parent=65"}],"curies":[{"name":"wp","href":"https:\/\/api.w.org\/{rel}","templated":true}]}}