{"id":17,"date":"2026-04-14T10:40:24","date_gmt":"2026-04-14T10:40:24","guid":{"rendered":"https:\/\/corridaportucale.ovh\/?page_id=17"},"modified":"2026-04-14T10:41:22","modified_gmt":"2026-04-14T10:41:22","slug":"percurso","status":"publish","type":"page","link":"http:\/\/corridaportucale.ovh\/index.php\/percurso\/","title":{"rendered":"PERCURSO"},"content":{"rendered":"\t\t<div data-elementor-type=\"wp-page\" data-elementor-id=\"17\" class=\"elementor elementor-17\">\n\t\t\t\t\t\t<div class=\"elementor-element elementor-element-e8d55d1 e-con e-atomic-element e-flexbox-base\" data-id=\"e8d55d1\" data-element_type=\"e-flexbox\" data-e-type=\"e-flexbox\" data-interaction-id=\"e8d55d1\">\n\t\t\t\t\t\t\t\n\t\t<img class=\"e-image-base \" \n\t\t\t\t\tdata-interaction-id=\"194dccd\" \n\t\t \n\t\t \n\t\t\t\t\t\t\t\t\tid=\"19\"\n\t\t\t\t\t\t\t\t\t\t\t\tsrc=\"http:\/\/corridaportucale.ovh\/wp-content\/uploads\/2026\/04\/Percurso-Corrida-Portucale-2019.jpg\"\n\t\t\t\t\t\t\t\t\t\t\t\twidth=\"1135\"\n\t\t\t\t\t\t\t\t\t\t\t\theight=\"301\"\n\t\t\t\t\t\t\t\t\t\t\t\tsrcset=\"http:\/\/corridaportucale.ovh\/wp-content\/uploads\/2026\/04\/Percurso-Corrida-Portucale-2019.jpg 1135w, http:\/\/corridaportucale.ovh\/wp-content\/uploads\/2026\/04\/Percurso-Corrida-Portucale-2019-300x80.jpg 300w, http:\/\/corridaportucale.ovh\/wp-content\/uploads\/2026\/04\/Percurso-Corrida-Portucale-2019-1024x272.jpg 1024w, http:\/\/corridaportucale.ovh\/wp-content\/uploads\/2026\/04\/Percurso-Corrida-Portucale-2019-768x204.jpg 768w\"\n\t\t\t\t\t\t\t\t\t\t\t\talt=\"\"\n\t\t\t\t\t\t\/>\n\t\t\t\t\t<\/div>\n\t\t<div class=\"elementor-element elementor-element-56d007ad e-flex e-con-boxed e-con e-parent\" data-id=\"56d007ad\" data-element_type=\"container\" data-e-type=\"container\">\n\t\t\t\t\t<div class=\"e-con-inner\">\n\t\t\t\t<div class=\"elementor-element elementor-element-b072506 elementor-widget elementor-widget-text-editor\" data-id=\"b072506\" data-element_type=\"widget\" data-e-type=\"widget\" data-widget_type=\"text-editor.default\">\n\t\t\t\t\t\t\t\t\t<p><!-- \/wp:paragraph --><!-- wp:paragraph --><\/p>\n<p><strong>\u00a0<\/strong><\/p>\n<p><strong>PERCURSO<\/strong><\/p>\n<p><!-- \/wp:paragraph --><!-- wp:paragraph --><\/p>\n<p><strong>Corrida 10km<\/strong> \u2013 Partida na Av. Gustavo Eiffel (junto \u00e0 ponte D.Lu\u00eds), atravessa o Rio Douro no tabuleiro inferior da ponte D.Lu\u00eds, Av. Diogo Leite, Av. Ramos Pinto, Cais de Gaia, Cais Fontainha, Cais Capelo Ivens, Cais Cavaco faz o Retorno junto a Velha Grua, efetuando o mesmo percurso at\u00e9 ao tabuleiro inferior da ponte D.Lu\u00eds, segue pela Av. Paiva Couceiro e o retorno faz-se antes da ponte do Freixo regressando pelo mesmo percurso at\u00e9 \u00e0 Av. Gustavo Eiffel.<\/p>\n<p><!-- \/wp:paragraph --><!-- wp:paragraph --><\/p>\n<p><strong>Caminhada\/Mini-Corrida 5km <\/strong>\u2013 Partida na Av. Gustavo Eiffel (junto \u00e0 ponte D.Lu\u00eds), Av. Paiva Couceiro, retorno junto ao posto de combust\u00edvel, Av. Paiva Couceiro, Av. Gustavo Eiffel com passagem pelo t\u00fanel da Ribeira, vira \u00e0 esquerda na rua de S. Jo\u00e3o terminando na Pra\u00e7a da Ribeira (junto ao Cubo).<\/p>\n<p><!-- \/wp:paragraph --><!-- wp:paragraph --><\/p>\n<p><strong>Corrida Infantil 0.5km<\/strong> \u2013 Partida e chegada na Av. Gustavo Eiffel, (junto \u00e0 ponte D.Lu\u00eds). A Organiza\u00e7\u00e3o reserva-se no direito de poder alterar o percurso por qualquer quest\u00e3o que coloque em risco a seguran\u00e7a dos participantes, ou fatores alheios \u00e0 sua vontade.<\/p>\n<p><!-- \/wp:paragraph --><!-- wp:paragraph --><\/p>\n<p><!-- \/wp:paragraph --><\/p>\t\t\t\t\t\t\t\t<\/div>\n\t\t\t\t\t<\/div>\n\t\t\t\t<\/div>\n\t\t\t\t<\/div>\n\t\t","protected":false},"excerpt":{"rendered":"<p>\u00a0 PERCURSO Corrida 10km \u2013 Partida na Av. Gustavo Eiffel (junto \u00e0 ponte D.Lu\u00eds), atravessa o Rio Douro no tabuleiro [&hellip;]<\/p>\n","protected":false},"author":1,"featured_media":0,"parent":0,"menu_order":0,"comment_status":"closed","ping_status":"closed","template":"","meta":{"_eb_attr":"","site-sidebar-layout":"default","site-content-layout":"","ast-site-content-layout":"default","site-content-style":"default","site-sidebar-style":"default","ast-global-header-display":"","ast-banner-title-visibility":"","ast-main-header-display":"","ast-hfb-above-header-display":"","ast-hfb-below-header-display":"","ast-hfb-mobile-header-display":"","site-post-title":"","ast-breadcrumbs-content":"","ast-featured-img":"","footer-sml-layout":"","ast-disable-related-posts":"","theme-transparent-header-meta":"","adv-header-id-meta":"","stick-header-meta":"","header-above-stick-meta":"","header-main-stick-meta":"","header-below-stick-meta":"","astra-migrate-meta-layouts":"default","ast-page-background-enabled":"default","ast-page-background-meta":{"desktop":{"background-color":"var(--ast-global-color-5)","background-image":"","background-repeat":"repeat","background-position":"center center","background-size":"auto","background-attachment":"scroll","background-type":"","background-media":"","overlay-type":"","overlay-color":"","overlay-opacity":"","overlay-gradient":""},"tablet":{"background-color":"","background-image":"","background-repeat":"repeat","background-position":"center center","background-size":"auto","background-attachment":"scroll","background-type":"","background-media":"","overlay-type":"","overlay-color":"","overlay-opacity":"","overlay-gradient":""},"mobile":{"background-color":"","background-image":"","background-repeat":"repeat","background-position":"center center","background-size":"auto","background-attachment":"scroll","background-type":"","background-media":"","overlay-type":"","overlay-color":"","overlay-opacity":"","overlay-gradient":""}},"ast-content-background-meta":{"desktop":{"background-color":"var(--ast-global-color-4)","background-image":"","background-repeat":"repeat","background-position":"center center","background-size":"auto","background-attachment":"scroll","background-type":"","background-media":"","overlay-type":"","overlay-color":"","overlay-opacity":"","overlay-gradient":""},"tablet":{"background-color":"var(--ast-global-color-4)","background-image":"","background-repeat":"repeat","background-position":"center center","background-size":"auto","background-attachment":"scroll","background-type":"","background-media":"","overlay-type":"","overlay-color":"","overlay-opacity":"","overlay-gradient":""},"mobile":{"background-color":"var(--ast-global-color-4)","background-image":"","background-repeat":"repeat","background-position":"center center","background-size":"auto","background-attachment":"scroll","background-type":"","background-media":"","overlay-type":"","overlay-color":"","overlay-opacity":"","overlay-gradient":""}},"footnotes":""},"class_list":["post-17","page","type-page","status-publish","hentry"],"_links":{"self":[{"href":"http:\/\/corridaportucale.ovh\/index.php\/wp-json\/wp\/v2\/pages\/17","targetHints":{"allow":["GET"]}}],"collection":[{"href":"http:\/\/corridaportucale.ovh\/index.php\/wp-json\/wp\/v2\/pages"}],"about":[{"href":"http:\/\/corridaportucale.ovh\/index.php\/wp-json\/wp\/v2\/types\/page"}],"author":[{"embeddable":true,"href":"http:\/\/corridaportucale.ovh\/index.php\/wp-json\/wp\/v2\/users\/1"}],"replies":[{"embeddable":true,"href":"http:\/\/corridaportucale.ovh\/index.php\/wp-json\/wp\/v2\/comments?post=17"}],"version-history":[{"count":4,"href":"http:\/\/corridaportucale.ovh\/index.php\/wp-json\/wp\/v2\/pages\/17\/revisions"}],"predecessor-version":[{"id":23,"href":"http:\/\/corridaportucale.ovh\/index.php\/wp-json\/wp\/v2\/pages\/17\/revisions\/23"}],"wp:attachment":[{"href":"http:\/\/corridaportucale.ovh\/index.php\/wp-json\/wp\/v2\/media?parent=17"}],"curies":[{"name":"wp","href":"https:\/\/api.w.org\/{rel}","templated":true}]}}