{"id":115,"date":"2026-04-14T12:01:33","date_gmt":"2026-04-14T12:01:33","guid":{"rendered":"https:\/\/corridaportucale.ovh\/?page_id=115"},"modified":"2026-04-14T13:08:25","modified_gmt":"2026-04-14T13:08:25","slug":"madrinha-da-corrida","status":"publish","type":"page","link":"http:\/\/corridaportucale.ovh\/index.php\/madrinha-da-corrida\/","title":{"rendered":"MADRINHA DA CORRIDA"},"content":{"rendered":"\t\t<div data-elementor-type=\"wp-page\" data-elementor-id=\"115\" class=\"elementor elementor-115\">\n\t\t\t\t<div class=\"elementor-element elementor-element-34879969 e-con-full e-flex e-con e-parent\" data-id=\"34879969\" data-element_type=\"container\" data-e-type=\"container\">\n\t\t\t\t<div class=\"elementor-element elementor-element-4dc02bde elementor-widget__width-inherit elementor-widget elementor-widget-text-editor\" data-id=\"4dc02bde\" data-element_type=\"widget\" data-e-type=\"widget\" data-widget_type=\"text-editor.default\">\n\t\t\t\t\t\t\t\t\t<p>O meu clube est\u00e1 de volta, come\u00e7ando por construir de raiz algo que, durante muitos anos, mostrou saber fazer bem e com todo o respeito por quem corre: uma prova de estrada. Juntando Porto e Gaia. A minha cidade e uma vizinha que sempre me acolheu bem.<\/p>\n<p><!-- \/wp:paragraph --><!-- wp:paragraph --><\/p>\n<p>\u00c9 com grande satisfa\u00e7\u00e3o e o empenho poss\u00edvel \u2013 numa fase da minha vida em que tenho de dar resposta a v\u00e1rias solicita\u00e7\u00f5es \u2013 que estou com a Corrida Portucale.<\/p>\n<p><!-- \/wp:paragraph --><!-- wp:paragraph --><\/p>\n<p>Uma Corrida que servir\u00e1 como pilar e ponto de partida para uma escola de atletismo, algo cada vez mais raro na regi\u00e3o e que levar\u00e1 o CA Porto a promover a inicia\u00e7\u00e3o da modalidade, como o fez durante d\u00e9cadas.<\/p>\n<p><!-- \/wp:paragraph --><!-- wp:paragraph --><\/p>\n<p>O Centro de Atletismo do Porto est\u00e1 a\u00ed, com o esp\u00edrito de <span style=\"font-size: 16px;\">sempre. \u00c9 bom para o Porto, para os jovens e para mim.<\/span><\/p>\n<p><!-- \/wp:paragraph --><!-- wp:paragraph --><\/p>\n<p><em><strong>Rosa M<\/strong><\/em><em style=\"font-size: 16px;\"><strong>ota<\/strong><\/em><\/p>\n<p><img decoding=\"async\" class=\"alignnone\" style=\"font-weight: inherit;\" src=\"https:\/\/andrerga.com\/testes\/corridaportucale\/wp-content\/uploads\/2015\/05\/rosa-mota-corrida-portucale.jpg\" alt=\"\" \/><\/p>\n<p><!-- \/wp:paragraph --><!-- wp:image --><\/p>\n<p><!-- \/wp:image --><\/p>\t\t\t\t\t\t\t\t<\/div>\n\t\t\t\t<\/div>\n\t\t\t\t<\/div>\n\t\t","protected":false},"excerpt":{"rendered":"<p>O meu clube est\u00e1 de volta, come\u00e7ando por construir de raiz algo que, durante muitos anos, mostrou saber fazer bem [&hellip;]<\/p>\n","protected":false},"author":1,"featured_media":0,"parent":0,"menu_order":0,"comment_status":"closed","ping_status":"closed","template":"","meta":{"_eb_attr":"","site-sidebar-layout":"default","site-content-layout":"","ast-site-content-layout":"default","site-content-style":"default","site-sidebar-style":"default","ast-global-header-display":"","ast-banner-title-visibility":"","ast-main-header-display":"","ast-hfb-above-header-display":"","ast-hfb-below-header-display":"","ast-hfb-mobile-header-display":"","site-post-title":"","ast-breadcrumbs-content":"","ast-featured-img":"","footer-sml-layout":"","ast-disable-related-posts":"","theme-transparent-header-meta":"","adv-header-id-meta":"","stick-header-meta":"","header-above-stick-meta":"","header-main-stick-meta":"","header-below-stick-meta":"","astra-migrate-meta-layouts":"default","ast-page-background-enabled":"default","ast-page-background-meta":{"desktop":{"background-color":"var(--ast-global-color-5)","background-image":"","background-repeat":"repeat","background-position":"center center","background-size":"auto","background-attachment":"scroll","background-type":"","background-media":"","overlay-type":"","overlay-color":"","overlay-opacity":"","overlay-gradient":""},"tablet":{"background-color":"","background-image":"","background-repeat":"repeat","background-position":"center center","background-size":"auto","background-attachment":"scroll","background-type":"","background-media":"","overlay-type":"","overlay-color":"","overlay-opacity":"","overlay-gradient":""},"mobile":{"background-color":"","background-image":"","background-repeat":"repeat","background-position":"center center","background-size":"auto","background-attachment":"scroll","background-type":"","background-media":"","overlay-type":"","overlay-color":"","overlay-opacity":"","overlay-gradient":""}},"ast-content-background-meta":{"desktop":{"background-color":"var(--ast-global-color-4)","background-image":"","background-repeat":"repeat","background-position":"center center","background-size":"auto","background-attachment":"scroll","background-type":"","background-media":"","overlay-type":"","overlay-color":"","overlay-opacity":"","overlay-gradient":""},"tablet":{"background-color":"var(--ast-global-color-4)","background-image":"","background-repeat":"repeat","background-position":"center center","background-size":"auto","background-attachment":"scroll","background-type":"","background-media":"","overlay-type":"","overlay-color":"","overlay-opacity":"","overlay-gradient":""},"mobile":{"background-color":"var(--ast-global-color-4)","background-image":"","background-repeat":"repeat","background-position":"center center","background-size":"auto","background-attachment":"scroll","background-type":"","background-media":"","overlay-type":"","overlay-color":"","overlay-opacity":"","overlay-gradient":""}},"footnotes":""},"class_list":["post-115","page","type-page","status-publish","hentry"],"_links":{"self":[{"href":"http:\/\/corridaportucale.ovh\/index.php\/wp-json\/wp\/v2\/pages\/115","targetHints":{"allow":["GET"]}}],"collection":[{"href":"http:\/\/corridaportucale.ovh\/index.php\/wp-json\/wp\/v2\/pages"}],"about":[{"href":"http:\/\/corridaportucale.ovh\/index.php\/wp-json\/wp\/v2\/types\/page"}],"author":[{"embeddable":true,"href":"http:\/\/corridaportucale.ovh\/index.php\/wp-json\/wp\/v2\/users\/1"}],"replies":[{"embeddable":true,"href":"http:\/\/corridaportucale.ovh\/index.php\/wp-json\/wp\/v2\/comments?post=115"}],"version-history":[{"count":7,"href":"http:\/\/corridaportucale.ovh\/index.php\/wp-json\/wp\/v2\/pages\/115\/revisions"}],"predecessor-version":[{"id":124,"href":"http:\/\/corridaportucale.ovh\/index.php\/wp-json\/wp\/v2\/pages\/115\/revisions\/124"}],"wp:attachment":[{"href":"http:\/\/corridaportucale.ovh\/index.php\/wp-json\/wp\/v2\/media?parent=115"}],"curies":[{"name":"wp","href":"https:\/\/api.w.org\/{rel}","templated":true}]}}